{"id":22,"date":"2022-08-21T12:34:08","date_gmt":"2022-08-21T12:34:08","guid":{"rendered":"https:\/\/controlados.uenf.br\/index.php\/submissions\/"},"modified":"2025-09-26T16:58:47","modified_gmt":"2025-09-26T19:58:47","slug":"registre","status":"publish","type":"page","link":"https:\/\/controlados.uenf.br\/index.php\/registre\/","title":{"rendered":"Cadastre-se"},"content":{"rendered":"<p><b class=\"rm-shortcode-tour\"><!--noptimize--><div class=\"rmagic rm_theme_default rm_layout_label_top\"><style> #form_2_1 ::-webkit-input-placeholder {color:#000000;}  #form_2_1 ::-moz-placeholder {color:#000000;}  #form_2_1 ::-ms-input-placeholder {color:#000000;}<\/style><style>.rmagic #form_2_1 .rmrow input:focus,.rmagic #form_2_1 .rmrow select:focus,.rmagic #form_2_1 .rmrow textarea:focus{background-color:#FFF602 !important;color:#FFF500 !important;}<\/style><div class=\"rmcontent\"><pre class=\"rm-pre-wrapper-for-script-tags\"><script>\n                \nif (typeof window['rm_multipage'] == 'undefined') {\n\n    rm_multipage = {\n        global_page_no_form_2_1: 1\n    };\n\n}\nelse\n rm_multipage.global_page_no_form_2_1 = 1;\n\nfunction gotonext_form_2_1(){\n        \/* Making sure action attribute is empty *\/\n        jQuery(\"form.rmagic-form\").attr(\"action\",\"\");\n        maxpage = 1 ;\n        var form_object= jQuery(\"#rm_form_page_form_2_1_\"+rm_multipage.global_page_no_form_2_1).closest(\"form\");\n        var submit_btn= form_object.find(\"[type=submit]:not(.rm_noscript_btn)\");\n                jQuery.validator.setDefaults({errorClass: 'rm-form-field-invalid-msg',\n                                        ignore:':hidden,.ignore,:not(:visible),.rm_untouched',wrapper:'div',\n                                       errorPlacement: function(error, element) {\n                                                            \/\/error.appendTo(element.closest('.rminput'));\n                                                            error.appendTo(element.closest('div'));\n                                                          },\n                                      rules: {        \n        password: {\n            required: true,\n            minlength: 7\n        },\n        password_confirmation: {\n            required: true,\n            equalTo: \"#rm_reg_form_pw_2_1\"\n        },\n        email_confirmation: {\n            required: true,\n            equalTo: \"#rm_reg_form_email_2_1\"\n        }\n            },\n        messages: {\n        password_confirmation: {\n            equalTo: \"Suas senhas n\u00e3o coincidem. Por favor verifique a digita\u00e7\u00e3o\"\n        },\n        email_confirmation: {\n            equalTo: \"A confirma\u00e7\u00e3o do email n\u00e3o coincide. Verifique sua digita\u00e7\u00e3o\"\n        }\n            }\n                                    });\n        if(form_object.find('.rm_privacy_cb').is(':visible') && !form_object.find('.rm_privacy_cb').prop('checked')){\n             form_object.find('.rm_privacy_cb').trigger('change');\n             return false;\n        }\n        if(jQuery(\"#rm_form_page_form_2_1_\"+rm_multipage.global_page_no_form_2_1+\" :input\").length > 0)\n        {\n            var elements_to_validate= jQuery(\"#rm_form_page_form_2_1_\"+rm_multipage.global_page_no_form_2_1+\" :input\");\n            var valid = elements_to_validate.valid();\n            elements_to_validate.each(function(){\n            var if_mobile= jQuery(this).attr('data-mobile-intel-field');\n                if(if_mobile){\n                    var tel_error= rm_toggle_tel_error(jQuery(this).intlTelInput('isValidNumber'),jQuery(this),jQuery(this).data('error-message'));\n                    if(tel_error){\n                        valid= false;\n                    }\n                    else\n                    {\n                        jQuery(this).val(jQuery(this).intlTelInput('getNumber'));\n                    }\n                }\n            });\n                \n            if(!valid)\n            {\n                setTimeout(function(){ submit_btn.prop('disabled',false); }, 1000);\n                var error_element= jQuery(document).find(\"input.rm-form-field-invalid-msg\")[0];\n                if(error_element){\n                    error_element.focus();\n                }\n                return false;\n            }\n        }\n        \n        \/* Server validation for Username and Email field *\/\n        for(var i=0;i<rm_validation_attr.length;i++){\n            var validation_flag= true;\n            jQuery(\"[\" + rm_validation_attr[i] + \"=0]\").each(function(){\n               validation_flag= false;\n               return false;\n            });\n            \n            if(!validation_flag)\n              return;\n        }\n        \n        \n        rm_multipage.global_page_no_form_2_1++;\n        \n        \/*skip blank form pages*\/\n        while(jQuery(\"#rm_form_page_form_2_1_\"+rm_multipage.global_page_no_form_2_1+\" :input\").length == 0)\n        {\n        \n            if(maxpage <= rm_multipage.global_page_no_form_2_1)\n            {\n                    if(jQuery(\"#rm_form_page_form_2_1_\"+rm_multipage.global_page_no_form_2_1+\" :input\").length == 0){\n                        jQuery(\"#rm_next_form_page_button_2_1\").prop('type','submit');\n                        jQuery(\"#rm_prev_form_page_button_2_1\").prop('disabled',true);\n                        return;\n                    }        \n                    else\n                        break;\n            }\n        \n            rm_multipage.global_page_no_form_2_1++;\n        }\n            \n\t\n\tif(maxpage < rm_multipage.global_page_no_form_2_1)\n\t{\n\t\trm_multipage.global_page_no_form_2_1 = maxpage;\n\t\tjQuery(\"#rm_next_form_page_button_2_1\").prop('type','submit');\n                jQuery(\"#rm_prev_form_page_button_2_1\").prop('disabled',true);\n\t\treturn;\n\t}\n\tjQuery(\".rmformpage_form_2_1\").each(function (){\n\t\tvar visibledivid = \"rm_form_page_form_2_1_\"+rm_multipage.global_page_no_form_2_1;\n\t\tif(jQuery(this).attr('id') == visibledivid)\n\t\t\tjQuery(this).show();\n\t\telse\n\t\t\tjQuery(this).hide();\n\t});\n        jQuery('html, body').animate({\n            scrollTop: (jQuery('.rmformpage_form_2_1').first().offset().top)\n        },500);\n        jQuery(\"#rm_prev_form_page_button_2_1\").prop('disabled',false);\n        rmInitGoogleApi();\n}\nfunction gotoprev_form_2_1(){\n\t\n\tmaxpage = 1 ;\n        var form_object= jQuery(\"#rm_form_page_form_2_1_\"+rm_multipage.global_page_no_form_2_1).closest(\"form\");\n\trm_multipage.global_page_no_form_2_1--;\n        jQuery(\"#rm_next_form_page_button_2_1\").attr('type','button');        \n        if(form_object.find('.rm_privacy_cb').is(':visible') && !form_object.find('.rm_privacy_cb').prop('checked')){\n             form_object.find('.rm_privacy_cb').trigger('change');\n             return false;\n        } \n        \/*skip blank form pages*\/\n        while(jQuery(\"#rm_form_page_form_2_1_\"+rm_multipage.global_page_no_form_2_1+\" :input\").length == 0)\n        {\n            if(1 >= rm_multipage.global_page_no_form_2_1)\n            {\n                    if(jQuery(\"#rm_form_page_form_2_1_\"+rm_multipage.global_page_no_form_2_1+\" :input\").length == 0){\n                        rm_multipage.global_page_no_form_2_1 = 1;\n                        jQuery(\"#rm_prev_form_page_button_2_1\").prop('disabled',true);\n                        return;\n                    }        \n                    else\n                        break;\n            }\n        \n            rm_multipage.global_page_no_form_2_1--;\n        }\n        \n\tjQuery(\".rmformpage_form_2_1\").each(function (){\n\t\tvar visibledivid = \"rm_form_page_form_2_1_\"+rm_multipage.global_page_no_form_2_1;\n\t\tif(jQuery(this).attr('id') == visibledivid)\n\t\t\tjQuery(this).show();\n\t\telse\n\t\t\tjQuery(this).hide();\n\t});\n        \n        if(rm_multipage.global_page_no_form_2_1 <= 1)\n        {\n            rm_multipage.global_page_no_form_2_1 = 1;\n            jQuery(\"#rm_prev_form_page_button_2_1\").prop('disabled',true);\n        }\n        jQuery('html, body').animate({\n            scrollTop: (jQuery('.rmformpage_form_2_1').first().offset().top)\n        },500);\n}         \n<\/script><\/pre><style type=\"text\/css\">label span.required { color: #B94A48; }span.help-inline, span.help-block { color: #888; font-size: .9em; font-style: italic; }<\/style><form novalidate onsubmit=\"return gotonext_form_2_1()\" autocomplete=\"off\" action id=\"form_2_1\" method=\"post\" class=\"rmagic-form rmagic-form-btn-center form-vertical\" name=\"rm_form\" number=\"1\" style=\"border-color: rgb(0, 0, 0); border-width: 3px; border-radius: 4px;\"><fieldset><input type=\"hidden\" name=\"rm_form_sub_id\" value=form_2_1><input type=\"hidden\" name=\"rm_form_sub_no\" value=1><input type=\"hidden\" name=\"rm_cond_hidden_fields\" id=\"rm_cond_hidden_fields\" value=\"\"><div class=\"rmheader\"><p>Solicite seu registro preenchendo os campos abaixo<\/p><\/div><div id=\"rm_stat_container\"><div class=\"rmagic-field\"><label class=\"rmfield\" for=\"form_2_1-element-2\" style=\"\">RM_Stats<\/label><div class=\"rminput\"><input type=\"text\" name=\"stat_id\" value=\"__uninit\" style=\"display:none\" id=\"form_2_1-element-2\"\/><\/div><\/div><\/div><div class=\"rm_form_page rmformpage_form_2_1\" id=\"rm_form_page_form_2_1_1\"><fieldset class='rmfieldset'><div class=\"rmagic-row\" data-bmargin=\"0\"><div class=\"rmagic-fields-wrap\"><div class=\"rmagic-col rmagic-col-12\"><div class=\"rmagic-field\"><label class=\"rmfield\" for=\"form_2_1-element-9\" style=\"color: rgb(0, 0, 0);\">Categoria de usu\u00e1rio<sup class=\"required\">&nbsp;*<\/sup><\/label><div class=\"rminput\"><select name=\"Select_45\" required rm_textbox=\"User Input\" style=\"color: rgb(0, 0, 0); outline: rgb(0, 0, 0) solid 1px; border-color: rgb(0, 0, 0); border-width: 1px; border-radius: 9px;\" labelstyle=\"color: rgb(0, 0, 0);\" id=\"form_2_1-element-9\"><option value=\"\">Selecione uma op\u00e7\u00e3o<\/option><option value=\"Servidor da UENF\">Servidor da UENF<\/option><option value=\"Aluno de Gradua\u00e7\u00e3o\">Aluno de Gradua\u00e7\u00e3o<\/option><option value=\"Aluno de P\u00f3s-Gradua\u00e7\u00e3o\">Aluno de P\u00f3s-Gradua\u00e7\u00e3o<\/option><\/select><\/div><\/div><\/div><\/div><\/div><div class=\"rmagic-row\" data-bmargin=\"0\"><div class=\"rmagic-fields-wrap\"><div class=\"rmagic-col rmagic-col-12\"><\/div><\/div><\/div><div class=\"rmagic-row\" data-bmargin=\"0\"><div class=\"rmagic-fields-wrap\"><div class=\"rmagic-col rmagic-col-12\"><div class=\"rmagic-field\"><label class=\"rmfield\" for=\"form_2_1-element-22\" style=\"color: rgb(0, 0, 0);\">Nome Completo<sup class=\"required\">&nbsp;*<\/sup><\/label><div class=\"rminput\"><input type=\"text\" name=\"Fname_8\" placeholder=\"Nome completo\" required rm_textbox=\"User Input\" style=\"color: rgb(0, 0, 0); outline: rgb(0, 0, 0) solid 1px; border-color: rgb(0, 0, 0); border-width: 1px; border-radius: 9px;\" labelstyle=\"color: rgb(0, 0, 0);\" value=\"\" id=\"form_2_1-element-22\"\/><\/div><\/div><\/div><\/div><\/div><div class=\"rmagic-row\" data-bmargin=\"0\"><div class=\"rmagic-fields-wrap\"><div class=\"rmagic-col rmagic-col-12\"><div class=\"rmagic-field\"><label class=\"rmfield\" for=\"rm_reg_form_email_2_1\" style=\"color: rgb(0, 0, 0);\">E-mail<sup class=\"required\">&nbsp;*<\/sup><\/label><div class=\"rminput\"><input type=\"email\" name=\"Email_5\" placeholder=\"E-mail\" required style=\"color: rgb(0, 0, 0); outline: rgb(0, 0, 0) solid 1px; border-color: rgb(0, 0, 0); border-width: 1px; border-radius: 9px;\" labelstyle=\"color: rgb(0, 0, 0);\" value=\"\" id=\"rm_reg_form_email_2_1\"\/><\/div><\/div><\/div><div class=\"rmagic-col rmagic-col-12\"><div class=\"rmagic-field\"><label class=\"rmfield\" for=\"rm_reg_form_email_reentry\" style=\"color: rgb(0, 0, 0);\">Enter email again<sup class=\"required\">&nbsp;*<\/sup><\/label><div class=\"rminput\"><input type=\"email\" name=\"email_confirmation\" placeholder=\"Repeat your email\" required style=\"color: rgb(0, 0, 0); outline: rgb(0, 0, 0) solid 1px; border-color: rgb(0, 0, 0); border-width: 1px; border-radius: 9px;\" labelstyle=\"color: rgb(0, 0, 0);\" value=\"\" id=\"rm_reg_form_email_reentry\"\/><\/div><\/div><\/div><\/div><\/div><div class=\"rmagic-row\" data-bmargin=\"0\"><div class=\"rmagic-fields-wrap\"><div class=\"rmagic-col rmagic-col-12\"><div class=\"rmagic-field\"><label class=\"rmfield\" for=\"rm_mobile_13_2_1\" style=\"color: rgb(0, 0, 0);\">Telefone<sup class=\"required\">&nbsp;*<\/sup><\/label><div class=\"rminput\"><input type=\"text\" name=\"Textbox_13\" required rm_textbox=\"User Input\" style=\"color: rgb(0, 0, 0); outline: rgb(0, 0, 0) solid 1px; border-color: rgb(0, 0, 0); border-width: 1px; border-radius: 9px;\" labelstyle=\"color: rgb(0, 0, 0);\" value=\"\" id=\"rm_mobile_13_2_1\" data-error-message=\"Entre com o numero no formato (XX) 00000-0000 sendo XX = c\u00f3digo cidade\" placeholder=\"(00)-00000-0000\" pattern=\".{15}\"\/><\/div><div class=\"rmnote\"><div class=\"rmprenote\"><\/div><div class=\"rmnotecontent\">formato (XX) 00000-0000<\/div><\/div><\/div><\/div><\/div><\/div><div class=\"rmagic-row\" data-bmargin=\"0\"><div class=\"rmagic-fields-wrap\"><div class=\"rmagic-col rmagic-col-12\"><div class=\"rmagic-field\"><label class=\"rmfield\" for=\"form_2_1-element-46\" style=\"color: rgb(0, 0, 0);\">ID Funcional ou n\u00famero de matr\u00edcula<sup class=\"required\">&nbsp;*<\/sup><\/label><div class=\"rminput\"><input type=\"text\" name=\"Textbox_35\" placeholder=\"ID Funcional ou n\u00famero de matr\u00edcula\" required rm_textbox=\"User Input\" style=\"color: rgb(0, 0, 0); outline: rgb(0, 0, 0) solid 1px; border-color: rgb(0, 0, 0); border-width: 1px; border-radius: 9px;\" labelstyle=\"color: rgb(0, 0, 0);\" value=\"\" id=\"form_2_1-element-46\"\/><\/div><div class=\"rmnote\"><div class=\"rmprenote\"><\/div><div class=\"rmnotecontent\">ID Funcional ou n\u00famero de matr\u00edcula<\/div><\/div><\/div><\/div><\/div><\/div><div class=\"rmagic-row\" data-bmargin=\"0\"><div class=\"rmagic-fields-wrap\"><div class=\"rmagic-col rmagic-col-12\"><div class=\"rmagic-field\"><label class=\"rmfield\" for=\"form_2_1-element-53\" style=\"color: rgb(0, 0, 0);\">Cargo na UENF ou se Aluno especificar (Gradua\u00e7\u00e3o ou P\u00f3s-gradua\u00e7\u00e3o)<sup class=\"required\">&nbsp;*<\/sup><\/label><div class=\"rminput\"><input type=\"text\" name=\"Textbox_40\" placeholder=\"Cargo na UENF ou se Aluno especificar (Gradua\u00e7\u00e3o ou P\u00f3s-gradua\u00e7\u00e3o)\" required rm_textbox=\"User Input\" style=\"color: rgb(0, 0, 0); outline: rgb(0, 0, 0) solid 1px; border-color: rgb(0, 0, 0); border-width: 1px; border-radius: 9px;\" labelstyle=\"color: rgb(0, 0, 0);\" value=\"\" id=\"form_2_1-element-53\"\/><\/div><\/div><\/div><\/div><\/div><div class=\"rmagic-row\" data-bmargin=\"0\"><div class=\"rmagic-fields-wrap\"><div class=\"rmagic-col rmagic-col-12\"><div class=\"rmagic-field\"><label class=\"rmfield\" for=\"form_2_1-element-60\" style=\"color: rgb(0, 0, 0);\">Centro ou Unidade<sup class=\"required\">&nbsp;*<\/sup><\/label><div class=\"rminput\"><select name=\"Select_36\" required rm_textbox=\"User Input\" style=\"color: rgb(0, 0, 0); outline: rgb(0, 0, 0) solid 1px; border-color: rgb(0, 0, 0); border-width: 1px; border-radius: 9px;\" labelstyle=\"color: rgb(0, 0, 0);\" id=\"form_2_1-element-60\"><option value=\"\">Selecione uma op\u00e7\u00e3o<\/option><option value=\"CBB\">CBB<\/option><option value=\"CCH\">CCH<\/option><option value=\"CCT\">CCT<\/option><option value=\"CCTA\">CCTA<\/option><option value=\"Hospital Veterin\u00e1rio\">Hospital Veterin\u00e1rio<\/option><option value=\"Reitoria\">Reitoria<\/option><\/select><\/div><\/div><\/div><\/div><\/div><div class=\"rmagic-row\" data-bmargin=\"0\"><div class=\"rmagic-fields-wrap\"><div class=\"rmagic-col rmagic-col-12\"><div class=\"rmagic-field\"><label class=\"rmfield\" for=\"form_2_1-element-67\" style=\"color: rgb(0, 0, 0);\">Nome do Laborat\u00f3rio\/Unidade ou Nome do curso de Gradua\u00e7\u00e3o ou P\u00f3s-gradua\u00e7\u00e3o<sup class=\"required\">&nbsp;*<\/sup><\/label><div class=\"rminput\"><input type=\"text\" name=\"Textbox_38\" placeholder=\"Nome do Laborat\u00f3rio\/Unidade ou Nome do curso de Gradua\u00e7\u00e3o ou P\u00f3s-gradua\u00e7\u00e3o\" required rm_textbox=\"User Input\" style=\"color: rgb(0, 0, 0); outline: rgb(0, 0, 0) solid 1px; border-color: rgb(0, 0, 0); border-width: 1px; border-radius: 9px;\" labelstyle=\"color: rgb(0, 0, 0);\" value=\"\" id=\"form_2_1-element-67\"\/><\/div><\/div><\/div><\/div><\/div><div class=\"rmagic-row\" data-bmargin=\"0\"><div class=\"rmagic-fields-wrap\"><div class=\"rmagic-col rmagic-col-12\"><div class=\"rmagic-field\"><label class=\"rmfield\" for=\"form_2_1-element-74\" style=\"color: rgb(0, 0, 0);\">Sigla do Laborat\u00f3rio\/Unidade (n\u00e3o preencher se for discente)<\/label><div class=\"rminput\"><input type=\"text\" name=\"Textbox_46\" placeholder=\"Sigla do Laborat\u00f3rio\/Unidade (n\u00e3o preencher se for discente)\" rm_textbox=\"User Input\" style=\"color: rgb(0, 0, 0); outline: rgb(0, 0, 0) solid 1px; border-color: rgb(0, 0, 0); border-width: 1px; border-radius: 9px;\" labelstyle=\"color: rgb(0, 0, 0);\" value=\"\" id=\"form_2_1-element-74\"\/><\/div><div class=\"rmnote\"><div class=\"rmprenote\"><\/div><div class=\"rmnotecontent\">Sigla do Laborat\u00f3rio\/Unidade (n\u00e3o preencher se for discente)<\/div><\/div><\/div><\/div><\/div><\/div><div class=\"rmagic-row\" data-bmargin=\"0\"><div class=\"rmagic-fields-wrap\"><div class=\"rmagic-col rmagic-col-12\"><\/div><\/div><\/div><div class=\"rmagic-row\" data-bmargin=\"0\"><div class=\"rmagic-fields-wrap\"><div class=\"rmagic-col rmagic-col-12\"><div class=\"rmagic-field\"><label class=\"rmfield\" for=\"form_2_1-element-87\" style=\"color: rgb(0, 0, 0);\">Nome de usu\u00e1rio (escolha um nome que ser\u00e1 usado para login)<sup class=\"required\">&nbsp;*<\/sup><\/label><div class=\"rminput\"><input type=\"text\" name=\"username\" placeholder=\"Nome de usu\u00e1rio (escolha um nome que ser\u00e1 usado para login)\" required style=\"color: rgb(0, 0, 0); outline: rgb(0, 0, 0) solid 1px; border-color: rgb(0, 0, 0); border-width: 1px; border-radius: 9px;\" labelstyle=\"color: rgb(0, 0, 0);\" value=\"\" id=\"form_2_1-element-87\"\/><\/div><\/div><\/div><\/div><\/div><div class=\"rmagic-row\" data-bmargin=\"0\"><div class=\"rmagic-fields-wrap\"><div class=\"rmagic-col rmagic-col-12\"><div class=\"rmagic-field\"><label class=\"rmfield\" for=\"rm_reg_form_pw_2_1\" style=\"color: rgb(0, 0, 0);\">Senha (crie uma senha e anote para n\u00e3o esquecer)<sup class=\"required\">&nbsp;*<\/sup><\/label><div class=\"rminput\"><input type=\"password\" name=\"pwd\" placeholder=\"Senha (crie uma senha e anote para n\u00e3o esquecer)\" required style=\"color: rgb(0, 0, 0); outline: rgb(0, 0, 0) solid 1px; border-color: rgb(0, 0, 0); border-width: 1px; border-radius: 9px;\" labelstyle=\"color: rgb(0, 0, 0);\" value=\"\" id=\"rm_reg_form_pw_2_1\" minlength=\"7\"\/><\/div><div class=\"rmnote\"><div class=\"rmprenote\"><\/div><div class=\"rmnotecontent\">A senha deve ter no m\u00ednimo 7 caracteres<\/div><\/div><\/div><\/div><div class=\"rmagic-col rmagic-col-12\"><div class=\"rmagic-field\"><label class=\"rmfield\" for=\"rm_reg_form_pw_reentry\" style=\"color: rgb(0, 0, 0);\">Enter password again<sup class=\"required\">&nbsp;*<\/sup><\/label><div class=\"rminput\"><input type=\"password\" name=\"password_confirmation\" placeholder=\"Repeat your password\" required style=\"color: rgb(0, 0, 0); outline: rgb(0, 0, 0) solid 1px; border-color: rgb(0, 0, 0); border-width: 1px; border-radius: 9px;\" labelstyle=\"color: rgb(0, 0, 0);\" value=\"\" id=\"rm_reg_form_pw_reentry\"\/><\/div><div class=\"rmnote\"><div class=\"rmprenote\"><\/div><div class=\"rmnotecontent\">A senha deve ter no m\u00ednimo 7 caracteres<\/div><\/div><\/div><\/div><\/div><\/div><\/fieldset><\/div><div class=\"buttonarea\"><input   type=\"submit\" value=\"Criar uma conta\" name=\"rm_sb_btn\" style=\"\" id=\"rm_next_form_page_button_2_1\" class=\"rm_next_btn rm-btn rm-btn-primary\"\/> <input   type=\"submit\" value=\"Criar uma conta\" name=\"rm_sb_btn\" style=\"\" class=\"rm_noscript_btn rm-btn rm-btn-primary\" id=\"form_2_1-element-104\"\/><\/div><\/fieldset><\/form><pre class=\"rm-pre-wrapper-for-script-tags\"><script type=\"text\/javascript\">jQuery(document).ready(function() {\t\tjQuery(\"#form_2_1\").bind(\"submit\", function(){\n                        \/\/jQuery(this).find(\"input[name=rm_slug]\").attr(\"value\",jQuery(this).find(\"input[name=submit]\").attr(\"value\"));\n\t\t\tjQuery(this).find(\"input[type=submit]\").attr(\"disabled\", \"disabled\"); \n\t\t});            \n                   \n                   jQuery(\"#rm_reg_form_email_2_1\").change(function(){\n                   var data = {\n                           'action': 'rm_user_exists',\n                           'rm_sec_nonce': '455990058d',\n                           'rm_slug': 'rm_user_exists',\n                           'email': jQuery(this).val(),\n                           'attr': 'data-rm-valid-email',\n                           'form_id':\"2\"\n                   };\n                   \n                   rm_user_exists(this,rm_ajax_url,data);\n                  \n                 });\n                       \n                   \n                   jQuery(\"#rm_reg_form_email_reentry\").change(function(){\n                   var data = {\n                           'action': 'rm_user_exists',\n                           'rm_sec_nonce': '455990058d',\n                           'rm_slug': 'rm_user_exists',\n                           'email': jQuery(this).val(),\n                           'attr': 'data-rm-valid-email',\n                           'form_id':\"2\"\n                   };\n                   \n                   rm_user_exists(this,rm_ajax_url,data);\n                  \n                 });\n           jQuery('#form_2_1-element-87').change(function(){\n                var data = {\n                    'action': 'rm_user_exists',\n                    'rm_sec_nonce': '455990058d',\n                    'rm_slug': 'rm_user_exists',\n                    'username': jQuery(this).val(),\n                    'attr': 'data-rm-valid-username',\n                    'form_id': '2'\n                };\n                rm_user_exists(this,rm_ajax_url,data,'This user is already registered. Please try with different username or login.');\n                });\n            }); <\/script><\/pre>        <noscript>\n            <div class=\"rm-js-disabled\"><b>Note: It looks like JavaScript is disabled in your browser. Some elements of this form may require JavaScript to work properly. If you have trouble submitting the form, try enabling JavaScript momentarily and resubmit. JavaScript settings are usually found in Browser Settings or Browser Developer menu.<\/b><\/div>\n            <style>\n                .rm_next_btn {display:none !important}\n                .rm_noscript_btn {display: block !important}\n            <\/style>\n        <\/noscript>\n    <\/div><\/div><!--\/noptimize--><\/b><\/p>\n","protected":false},"excerpt":{"rendered":"","protected":false},"author":1,"featured_media":0,"parent":0,"menu_order":0,"comment_status":"closed","ping_status":"closed","template":"","meta":{"footnotes":""},"class_list":["post-22","page","type-page","status-publish","hentry"],"_links":{"self":[{"href":"https:\/\/controlados.uenf.br\/index.php\/wp-json\/wp\/v2\/pages\/22","targetHints":{"allow":["GET"]}}],"collection":[{"href":"https:\/\/controlados.uenf.br\/index.php\/wp-json\/wp\/v2\/pages"}],"about":[{"href":"https:\/\/controlados.uenf.br\/index.php\/wp-json\/wp\/v2\/types\/page"}],"author":[{"embeddable":true,"href":"https:\/\/controlados.uenf.br\/index.php\/wp-json\/wp\/v2\/users\/1"}],"replies":[{"embeddable":true,"href":"https:\/\/controlados.uenf.br\/index.php\/wp-json\/wp\/v2\/comments?post=22"}],"version-history":[{"count":3,"href":"https:\/\/controlados.uenf.br\/index.php\/wp-json\/wp\/v2\/pages\/22\/revisions"}],"predecessor-version":[{"id":326,"href":"https:\/\/controlados.uenf.br\/index.php\/wp-json\/wp\/v2\/pages\/22\/revisions\/326"}],"wp:attachment":[{"href":"https:\/\/controlados.uenf.br\/index.php\/wp-json\/wp\/v2\/media?parent=22"}],"curies":[{"name":"wp","href":"https:\/\/api.w.org\/{rel}","templated":true}]}}