{"id":435,"date":"2022-08-27T12:21:46","date_gmt":"2022-08-27T15:21:46","guid":{"rendered":"https:\/\/controlados.uenf.br\/?page_id=435"},"modified":"2026-03-13T14:20:56","modified_gmt":"2026-03-13T17:20:56","slug":"estoque-de-produtos-nao-controlados","status":"publish","type":"page","link":"https:\/\/controlados.uenf.br\/index.php\/pagina-inicial\/estoque-de-produtos-nao-controlados\/","title":{"rendered":"Sistema de Controle de Produtos Qu\u00edmicos e Materiais de Laborat\u00f3rio"},"content":{"rendered":"\n<p>Este sistema \u00e9 destinado ao controle de produtos qu\u00edmicos e materiais de laborat\u00f3rio de usu\u00e1rios cadastrados pela Universidade Estadual do Norte Fluminense Darcy ribeiro &#8211; UENF que sejam respons\u00e1veis por estes produtos em suas respectivas unidades na UENF.<\/p>\n\n\n\n<h1 class=\"wp-block-heading\">Quem pode acessar o sistema?<\/h1>\n\n\n\n<p>A sistema somente poder\u00e1 ser acessado por usu\u00e1rios servidores da UENF que efetuem o cadastro no sistema e sejam aprovados pelo gestor.&nbsp; Para se cadastrar acesse no final desta p\u00e1gina.<\/p>\n\n\n\n<h1 class=\"wp-block-heading\">Quais os poss\u00edveis n\u00edveis de acesso de usu\u00e1rios sistema?<\/h1>\n\n\n\n<p>As  fun\u00e7\u00f5es permitidas pelo sistema s\u00e3o relacionadas as informa\u00e7\u00f5es sobre produtos qu\u00edmicos e materiais de laborat\u00f3rio como:<\/p>\n\n\n\n<ul class=\"wp-block-list\">\n<li><strong>Categoria Material Laborat\u00f3rio<\/strong> &#8211; Adicionar, alterar, apagar e ver categorias para Materiais de Laborat\u00f3rio.<strong> <\/strong>Exemplo: consum\u00edveis, equipamentos, acess\u00f3rios, vidrarias <\/li>\n\n\n\n<li><strong>Categoria Produto Qu\u00edmico<\/strong> &#8211; Adicionar, alterar, apagar e ver categorias para Produtos Qu\u00edmicos.<strong> <\/strong>Exemplo:  n\u00e3o controlados, controlados pela PF, controlados pelo ex\u00e9rcito<\/li>\n\n\n\n<li><strong>Local<\/strong> &#8211; Adicionar, alterar, apagar e ver Locais de Estoque.  Exemplo: Unidade Central &gt; Laborat\u00f3rios &gt; Setores &gt; Pr\u00e9dios &gt; Salas<\/li>\n\n\n\n<li><strong>Produtos qu\u00edmicos<\/strong> &#8211; Adicionar, alterar, apagar e ver itens de catalogo de produtos qu\u00edmicos<\/li>\n\n\n\n<li><strong>Materiais de laborat\u00f3rio<\/strong> &#8211; Adicionar, alterar, apagar e ver itens de catalogo de materiais de laborat\u00f3rio<\/li>\n\n\n\n<li><strong>Fabricantes<\/strong> &#8211; Adicionar, alterar, apagar e ver fabricantes<\/li>\n\n\n\n<li><strong>Fornecedores <\/strong>&#8211; Adicionar, alterar, apagar e ver fornecedores<\/li>\n\n\n\n<li><strong>Estoque &#8211; Local<\/strong> &#8211; Adicionar, alterar, apagar e ver a quantidades de itens em um determinado local<\/li>\n\n\n\n<li><strong>Estoque Item<\/strong> &#8211;  Adicionar, alterar, apagar e ver<strong> <\/strong>movimenta\u00e7\u00e3o de itens em um determinado local<\/li>\n\n\n\n<li><strong>Estoque Total<\/strong> &#8211; Adicionar, alterar, apagar e ver o estoque total de um determinado item na UENF <\/li>\n\n\n\n<li><strong>Nota fiscal<\/strong> &#8211; Adicionar, alterar, apagar e ver notas fiscais<\/li>\n\n\n\n<li><strong>Mapa Estoque <\/strong>&#8211; Adicionar, alterar, apagar e ver  arquivos para exporta\u00e7\u00e3o do estoque da UENF<\/li>\n\n\n\n<li><strong>Outras fun\u00e7\u00f5es<\/strong> &#8211; log de entrada, usu\u00e1rios, perfil usu\u00e1rios,  grupos, permiss\u00f5es e relat\u00f3rios   <\/li>\n<\/ul>\n\n\n\n<p>Os seguintes n\u00edveis de acesso est\u00e3o dispon\u00edveis:<\/p>\n\n\n\n<p><strong>Administrador Geral <\/strong>&#8211; o usu\u00e1rio somente tem acesso a todas as fun\u00e7\u00f5es e informa\u00e7\u00f5es do sistema. <\/p>\n\n\n\n<p><strong>Consulta Local  <\/strong>&#8211; o usu\u00e1rio somente tem acesso as informa\u00e7\u00f5es de produtos na sua unidade base (setor ou local onde foram alocados itens para os quais este usu\u00e1rio pode ter acesso &#8211; este perfil pode ser atribu\u00eddo diretamente pelo usu\u00e1rio administrativo do local. Somente permite visualizar as informa\u00e7\u00f5es do estoque local<\/p>\n\n\n\n<p><strong>Opera\u00e7\u00e3o Local  <\/strong>&#8211; o usu\u00e1rio somente tem acesso as fun\u00e7\u00f5es e  informa\u00e7\u00f5es de produtos na sua unidade base (setor ou local onde foram alocados itens para os quais este usu\u00e1rio pode ter acesso &#8211; este perfil pode ser atribu\u00eddo diretamente pelo usu\u00e1rio administrativo do local. Permite consultar e movimentar o estoque local local<\/p>\n\n\n\n<p><strong>Consulta Setorial  <\/strong>&#8211; o usu\u00e1rio  tem acesso as informa\u00e7\u00f5es de produtos de um conjunto de unidades base (setores ou locais onde foram alocados itens pertencentes a im local comum (exemplo: Setores de um Laborat\u00f3rio, Laborat\u00f3rios de um Centro).  Permite visualizar as informa\u00e7\u00f5es de todos os setores que pertencem ao local setorial<\/p>\n\n\n\n<p><strong>Opera\u00e7\u00e3o Setorial  <\/strong>-o usu\u00e1rio  tem acesso as fun\u00e7\u00f5es e  informa\u00e7\u00f5es de produtos e um conjunto de unidades base (setores ou locais onde foram alocados itens pertencentes a im local comum (exemplo: Setores de um Laborat\u00f3rio, Laborat\u00f3rios de um Centro).  Permite consultar e movimentar o estoque setorial<\/p>\n\n\n\n<h1 class=\"wp-block-heading\"><a href=\"https:\/\/produtosdelaboratorio.uenf.br\/\" target=\"_blank\" rel=\"noreferrer noopener\">Acesse o Sistema<\/a><\/h1>\n\n\n\n<p>Ao acessar o sistema ser\u00e1 solicitado que voc\u00ea se registre para ter acesso.  Ap\u00f3s realizar a solicita\u00e7\u00e3o o administrador do sistema ir\u00e1 atribuir o perfil de acesso consulta local at\u00e9 que tenhamos finalizado a inser\u00e7\u00e3o de itens de catalogo no banco de dados quando ent\u00e3o os estoques existentes destes itens poder\u00e3o ser atribu\u00eddos aos respectivos locais.<\/p>\n\n\n\n<h2 class=\"wp-block-heading\">Fases e cronograma de implanta\u00e7\u00e3o do sistema<\/h2>\n\n\n\n<p><strong>Fase 1<\/strong> &#8211; Inser\u00e7\u00e3o dos itens de catalogo de produtos controlados pela Pol\u00edcia Federal  &#8211; finalizado<\/p>\n\n\n\n<p><strong>Fase 2<\/strong> &#8211; Inser\u00e7\u00e3o dos itens de catalogo de produtos controlados pelo Ex\u00e9rcito Brasileiro &#8211; em andamento<\/p>\n\n\n\n<p><strong>Fase 3<\/strong> &#8211; Inser\u00e7\u00e3o dos itens de catalogo de produtos n\u00e3o controlados- at\u00e9 31\/01\/2026<\/p>\n\n\n\n<p><strong>Fase 4<\/strong> &#8211; Inser\u00e7\u00e3o dos itens de catalogo de materiais de laborat\u00f3rio &#8211; at\u00e9 30\/06\/2026<\/p>\n\n\n\n<p><strong>Fase 5<\/strong> &#8211; Aloca\u00e7\u00e3o dos produtos qu\u00edmicos nos respectivos locais de estoque &#8211; at\u00e9 30\/06\/2026<\/p>\n\n\n\n<p><strong>Fase 6<\/strong> &#8211; Aloca\u00e7\u00e3o dos materiais de laborat\u00f3rio nos respectivos locais de estoque &#8211; at\u00e9 31\/08\/2026<\/p>\n\n\n\n<p><strong>Fase 7 <\/strong>&#8211; Inicio da fase de adequa\u00e7\u00e3o do sistema para emiss\u00e3o de requisi\u00e7\u00f5es de compra &#8211; 01\/09\/2026<\/p>\n\n\n\n<p>Obs.  Itens que n\u00e3o constarem no banco de dados e existirem no estoque de algum local ser\u00e3o inseridos mediante solicita\u00e7\u00e3o.<\/p>\n\n\n\n<p><\/p>\n","protected":false},"excerpt":{"rendered":"<p>Este sistema \u00e9 destinado ao controle de produtos qu\u00edmicos e materiais de laborat\u00f3rio de usu\u00e1rios cadastrados pela Universidade Estadual do Norte Fluminense Darcy ribeiro &#8211; UENF que sejam respons\u00e1veis por estes produtos em suas respectivas unidades na UENF. Quem pode acessar o sistema? A sistema somente poder\u00e1 ser acessado por usu\u00e1rios servidores da UENF que [&hellip;]<\/p>\n","protected":false},"author":3,"featured_media":0,"parent":5,"menu_order":0,"comment_status":"closed","ping_status":"closed","template":"","meta":{"footnotes":""},"class_list":["post-435","page","type-page","status-publish","hentry"],"_links":{"self":[{"href":"https:\/\/controlados.uenf.br\/index.php\/wp-json\/wp\/v2\/pages\/435","targetHints":{"allow":["GET"]}}],"collection":[{"href":"https:\/\/controlados.uenf.br\/index.php\/wp-json\/wp\/v2\/pages"}],"about":[{"href":"https:\/\/controlados.uenf.br\/index.php\/wp-json\/wp\/v2\/types\/page"}],"author":[{"embeddable":true,"href":"https:\/\/controlados.uenf.br\/index.php\/wp-json\/wp\/v2\/users\/3"}],"replies":[{"embeddable":true,"href":"https:\/\/controlados.uenf.br\/index.php\/wp-json\/wp\/v2\/comments?post=435"}],"version-history":[{"count":17,"href":"https:\/\/controlados.uenf.br\/index.php\/wp-json\/wp\/v2\/pages\/435\/revisions"}],"predecessor-version":[{"id":657,"href":"https:\/\/controlados.uenf.br\/index.php\/wp-json\/wp\/v2\/pages\/435\/revisions\/657"}],"up":[{"embeddable":true,"href":"https:\/\/controlados.uenf.br\/index.php\/wp-json\/wp\/v2\/pages\/5"}],"wp:attachment":[{"href":"https:\/\/controlados.uenf.br\/index.php\/wp-json\/wp\/v2\/media?parent=435"}],"curies":[{"name":"wp","href":"https:\/\/api.w.org\/{rel}","templated":true}]}}