{"id":5,"date":"2022-05-16T12:32:20","date_gmt":"2022-05-16T12:32:20","guid":{"rendered":"https:\/\/controlados.uenf.br\/index.php\/shop\/"},"modified":"2025-09-26T17:23:12","modified_gmt":"2025-09-26T20:23:12","slug":"pagina-inicial","status":"publish","type":"page","link":"https:\/\/controlados.uenf.br\/","title":{"rendered":""},"content":{"rendered":"\n<div class=\"wp-block-columns alignwide is-layout-flex wp-container-core-columns-is-layout-9d6595d7 wp-block-columns-is-layout-flex\">\n<div class=\"wp-block-column has-luminous-vivid-amber-background-color has-text-color has-background has-link-color wp-elements-8e8d306fcb65db6762216980996f4920 is-layout-flow wp-block-column-is-layout-flow\" style=\"color:#000000;padding-top:2em;padding-right:2em;padding-bottom:2em;padding-left:2em\">\n<h2 class=\"wp-block-heading\" id=\"single\" style=\"font-size:40px\">O que voc\u00ea precisa saber sobre Produtos Controlados no Brasil e a Legisla\u00e7\u00e3o vigente<\/h2>\n\n\n\n<hr class=\"wp-block-separator has-text-color has-css-opacity has-background is-style-wide\" style=\"background-color:#000000;color:#000000\"\/>\n\n\n\n<div class=\"wp-block-buttons alignfull is-horizontal is-content-justification-center is-layout-flex wp-container-core-buttons-is-layout-499968f5 wp-block-buttons-is-layout-flex\">\n<div class=\"wp-block-button has-custom-width wp-block-button__width-100 is-style-outline is-style-outline--1\"><a class=\"wp-block-button__link has-white-color has-text-color has-background no-border-radius wp-element-button\" href=\"https:\/\/controlados.uenf.br\/index.php\/pagina-inicial\/produtos-controlados-no-brasil-e-legislacao-vigente\/\" style=\"background-color:#000000\">Acesse aqui!<\/a><\/div>\n<\/div>\n<\/div>\n\n\n\n<div class=\"wp-block-column has-cyan-bluish-gray-background-color has-text-color has-background has-link-color wp-elements-f1fed6c26aef1f34911ec285798015d8 is-layout-flow wp-block-column-is-layout-flow\" style=\"color:#000000;padding-top:2em;padding-right:2em;padding-bottom:2em;padding-left:2em\">\n<h2 class=\"wp-block-heading\" id=\"single\" style=\"font-size:40px\">Quais s\u00e3o os produtos qu\u00edmicos atualmente controlados?<\/h2>\n\n\n\n<hr class=\"wp-block-separator has-text-color has-css-opacity has-background is-style-wide\" style=\"background-color:#000000;color:#000000\"\/>\n\n\n\n<div class=\"wp-block-buttons alignfull is-horizontal is-content-justification-center is-layout-flex wp-container-core-buttons-is-layout-499968f5 wp-block-buttons-is-layout-flex\">\n<div class=\"wp-block-button has-custom-width wp-block-button__width-100 is-style-outline is-style-outline--2\"><a class=\"wp-block-button__link has-white-color has-vivid-red-background-color has-text-color has-background no-border-radius wp-element-button\" href=\"https:\/\/controlados.uenf.br\/index.php\/pagina-inicial\/produtos-quimicos-controlados\/\" target=\"_blank\" rel=\"noreferrer noopener\">Controlados pela Pol\u00edcia Federal<\/a><\/div>\n\n\n\n<div class=\"wp-block-button has-custom-width wp-block-button__width-100 is-style-outline is-style-outline--3\"><a class=\"wp-block-button__link has-white-color has-vivid-green-cyan-background-color has-text-color has-background no-border-radius wp-element-button\" href=\"https:\/\/controlados.uenf.br\/index.php\/pagina-inicial\/produtos-controlados-pelo-exercito-brasileiro\/\">Controlados pelo Ex\u00e9rcito Brasileiro<\/a><\/div>\n<\/div>\n<\/div>\n<\/div>\n\n\n\n<div class=\"wp-block-columns alignwide is-layout-flex wp-container-core-columns-is-layout-9d6595d7 wp-block-columns-is-layout-flex\">\n<div class=\"wp-block-column has-pale-cyan-blue-background-color has-text-color has-background has-link-color wp-elements-12ae6d1913b71fb1f628367b388a7d1f is-layout-flow wp-block-column-is-layout-flow\" style=\"color:#000000;padding-top:2em;padding-right:2em;padding-bottom:2em;padding-left:2em\">\n<h2 class=\"wp-block-heading\" id=\"family\" style=\"font-size:40px\">Quais Produtos Qu\u00edmicos podem ser adquiridos em nome da UENF e como solicitar a autoriza\u00e7\u00e3o de compra<\/h2>\n\n\n\n<hr class=\"wp-block-separator has-css-opacity is-style-wide\"\/>\n\n\n\n<div class=\"wp-block-buttons alignfull is-horizontal is-content-justification-center is-layout-flex wp-container-core-buttons-is-layout-499968f5 wp-block-buttons-is-layout-flex\">\n<div class=\"wp-block-button has-custom-width wp-block-button__width-100 is-style-fill\"><a class=\"wp-block-button__link has-white-color has-luminous-vivid-orange-background-color has-text-color has-background no-border-radius wp-element-button\" href=\"https:\/\/controlados.uenf.br\/index.php\/pagina-inicial\/quais-produtos-quimicos-podem-ser-adquiridos-pela-uenf-e-como-proceder-para-solicitar-autorizacao-para-compra\/\">Acesse Aqui!<\/a><\/div>\n<\/div>\n<\/div>\n\n\n\n<div class=\"wp-block-column has-vivid-cyan-blue-background-color has-text-color has-background has-link-color wp-elements-f4d7e1daf7cec17e29e84ec0cd78c2be is-layout-flow wp-block-column-is-layout-flow\" style=\"color:#000000;padding-top:2em;padding-right:2em;padding-bottom:2em;padding-left:2em\">\n<h2 class=\"wp-block-heading\" id=\"family\" style=\"font-size:40px\">Acesse o Sistema Institucional da UENF para consultas, controle e movimenta\u00e7\u00e3o de produtos qu\u00edmicos e materiais de laborat\u00f3rio<\/h2>\n\n\n\n<hr class=\"wp-block-separator has-css-opacity is-style-wide\"\/>\n\n\n\n<div class=\"wp-block-buttons alignfull is-horizontal is-content-justification-center is-layout-flex wp-container-core-buttons-is-layout-499968f5 wp-block-buttons-is-layout-flex\">\n<div class=\"wp-block-button has-custom-width wp-block-button__width-100 is-style-fill\"><a class=\"wp-block-button__link has-white-color has-luminous-vivid-amber-background-color has-text-color has-background no-border-radius wp-element-button\" href=\"https:\/\/controlados.uenf.br\/index.php\/estoque-de-produtos-nao-controlados\/\">Acesse Aqui!<\/a><\/div>\n<\/div>\n<\/div>\n<\/div>\n\n\n\n<div class=\"wp-block-columns alignwide is-layout-flex wp-container-core-columns-is-layout-9d6595d7 wp-block-columns-is-layout-flex\">\n<div class=\"wp-block-column has-text-color has-background has-link-color wp-elements-68fd1715e1305938afaca99543524f33 is-layout-flow wp-block-column-is-layout-flow\" style=\"color:#000000;background-color:#c0ebf1;padding-top:2em;padding-right:2em;padding-bottom:2em;padding-left:2em\">\n<h2 class=\"wp-block-heading\" id=\"patron\" style=\"font-size:40px\">Precisa de ajuda?  Entre em contato<\/h2>\n\n\n\n<hr class=\"wp-block-separator has-css-opacity is-style-wide\"\/>\n\n\n\n<div class=\"wp-block-buttons alignfull is-horizontal is-content-justification-center is-layout-flex wp-container-core-buttons-is-layout-499968f5 wp-block-buttons-is-layout-flex\">\n<div class=\"wp-block-button has-custom-width wp-block-button__width-100\"><a class=\"wp-block-button__link has-white-color has-text-color has-background no-border-radius wp-element-button\" style=\"background-color:#000000\">Acesse Aqui!<\/a><\/div>\n<\/div>\n<\/div>\n<\/div>\n\n\n\n<p><\/p>\n","protected":false},"excerpt":{"rendered":"<p>O que voc\u00ea precisa saber sobre Produtos Controlados no Brasil e a Legisla\u00e7\u00e3o vigente Quais s\u00e3o os produtos qu\u00edmicos atualmente controlados? Quais Produtos Qu\u00edmicos podem ser adquiridos em nome da UENF e como solicitar a autoriza\u00e7\u00e3o de compra Acesse o Sistema Institucional da UENF para consultas, controle e movimenta\u00e7\u00e3o de produtos qu\u00edmicos e materiais de [&hellip;]<\/p>\n","protected":false},"author":1,"featured_media":0,"parent":0,"menu_order":0,"comment_status":"closed","ping_status":"closed","template":"","meta":{"footnotes":""},"class_list":["post-5","page","type-page","status-publish","hentry"],"_links":{"self":[{"href":"https:\/\/controlados.uenf.br\/index.php\/wp-json\/wp\/v2\/pages\/5","targetHints":{"allow":["GET"]}}],"collection":[{"href":"https:\/\/controlados.uenf.br\/index.php\/wp-json\/wp\/v2\/pages"}],"about":[{"href":"https:\/\/controlados.uenf.br\/index.php\/wp-json\/wp\/v2\/types\/page"}],"author":[{"embeddable":true,"href":"https:\/\/controlados.uenf.br\/index.php\/wp-json\/wp\/v2\/users\/1"}],"replies":[{"embeddable":true,"href":"https:\/\/controlados.uenf.br\/index.php\/wp-json\/wp\/v2\/comments?post=5"}],"version-history":[{"count":85,"href":"https:\/\/controlados.uenf.br\/index.php\/wp-json\/wp\/v2\/pages\/5\/revisions"}],"predecessor-version":[{"id":633,"href":"https:\/\/controlados.uenf.br\/index.php\/wp-json\/wp\/v2\/pages\/5\/revisions\/633"}],"wp:attachment":[{"href":"https:\/\/controlados.uenf.br\/index.php\/wp-json\/wp\/v2\/media?parent=5"}],"curies":[{"name":"wp","href":"https:\/\/api.w.org\/{rel}","templated":true}]}}