{"id":544,"date":"2025-09-25T16:46:20","date_gmt":"2025-09-25T19:46:20","guid":{"rendered":"https:\/\/controlados.uenf.br\/?page_id=544"},"modified":"2025-09-25T19:01:51","modified_gmt":"2025-09-25T22:01:51","slug":"produtos-quimicos-controlados","status":"publish","type":"page","link":"https:\/\/controlados.uenf.br\/index.php\/pagina-inicial\/produtos-quimicos-controlados\/","title":{"rendered":"Produtos controlados pela Pol\u00edcia Federal"},"content":{"rendered":"\n<p class=\"has-red-background-color has-background has-large-font-size has-vivid-red-background-color\"><strong><a href=\"https:\/\/controlados.uenf.br\/wp-content\/uploads\/2025\/09\/Relac\u0327a\u0303o-produtos-controlados-PF-LIstas-I-a-VI-todos.pdf\" target=\"_blank\" rel=\"noreferrer noopener\"><mark style=\"background-color:rgba(0, 0, 0, 0)\" class=\"has-inline-color has-black-color\">Produtos controlados pela Pol\u00edcia Federal<\/mark><\/a><\/strong><\/p>\n\n\n\n<h2 class=\"wp-block-heading\"><\/h2>\n\n\n\n<figure class=\"wp-block-table\"><table class=\"has-fixed-layout\"><tbody><tr><td>NCM<\/td><td>CAS<\/td><td class=\"has-text-align-center\" data-align=\"center\">LISTA<br>(PORT. 240)<\/td><td>PRODUTO<\/td><\/tr><tr><td>2903.15.00<\/td><td>[107-06-2]<\/td><td class=\"has-text-align-center\" data-align=\"center\">II<\/td><td>1,2-DICLOROETANO<\/td><\/tr><tr><td>ND<\/td><td>ND<\/td><td class=\"has-text-align-center\" data-align=\"center\">I<\/td><td>1-FENETIL-N-FENILPIPERIDIN-4-AMINA (ANPP)<\/td><\/tr><tr><td>2914.31.00<\/td><td>[103-79-7]<\/td><td class=\"has-text-align-center\" data-align=\"center\">I<\/td><td>1-FENIL-2-PROPANONA (FENILACETONA) (PURO OU MISTURADO)<\/td><\/tr><tr><td>2932.92.00<\/td><td>[4676-39-5]<\/td><td class=\"has-text-align-center\" data-align=\"center\">I<\/td><td>3,4-METILENODIOXIFENIL-2-PROPANONA(PURO OU MISTURADO)<\/td><\/tr><tr><td>&#8211;<\/td><td>&#8211;<\/td><td class=\"has-text-align-center\" data-align=\"center\">I<\/td><td>3,4-MDP-2-P METIL GLICIDATO<\/td><\/tr><tr><td>&#8211;<\/td><td>&#8211;<\/td><td class=\"has-text-align-center\" data-align=\"center\">I<\/td><td>3,4-MDP-2-P METIL \u00c1CIDO GLIC\u00cdDICO<\/td><\/tr><tr><td>2915.31.00<\/td><td>[141-78-6]<\/td><td class=\"has-text-align-center\" data-align=\"center\">II<\/td><td>ACETATO DE ETILA<\/td><\/tr><tr><td>2914.11.00<\/td><td>[67-64-1]<\/td><td class=\"has-text-align-center\" data-align=\"center\">II<\/td><td>ACETONA<\/td><\/tr><tr><td>2915.21.00<\/td><td>[64-19-7]<\/td><td class=\"has-text-align-center\" data-align=\"center\">IV<\/td><td>\u00c1CIDO AC\u00c9TICO<\/td><\/tr><tr><td>2922.43.00<\/td><td>[118-92-3]<\/td><td class=\"has-text-align-center\" data-align=\"center\">I<\/td><td>\u00c1CIDO ANTRAN\u00cdLICO E SEUS SAIS<\/td><\/tr><tr><td>2916.31.10<\/td><td>[65-85-0]<\/td><td class=\"has-text-align-center\" data-align=\"center\">IV<\/td><td>\u00c1CIDO BENZ\u00d3ICO<\/td><\/tr><tr><td>2810.00.10<\/td><td>[10043-35-3]<\/td><td class=\"has-text-align-center\" data-align=\"center\">IV<\/td><td>\u00c1CIDO B\u00d3RICO E SEUS SAIS<\/td><\/tr><tr><td>2811.19.90<\/td><td>[10035-10-6]<\/td><td class=\"has-text-align-center\" data-align=\"center\">IV<\/td><td>\u00c1CIDO BROM\u00cdDRICO<\/td><\/tr><tr><td>2806.10.20<\/td><td>[7647-01-0]<\/td><td class=\"has-text-align-center\" data-align=\"center\">IV<\/td><td>\u00c1CIDO CLOR\u00cdDRICO<\/td><\/tr><tr><td>2806.10.10<\/td><td>[7782-50-5]<\/td><td class=\"has-text-align-center\" data-align=\"center\">IV<\/td><td>\u00c1CIDO CLOR\u00cdDRICO (estado gasoso)<\/td><\/tr><tr><td>2806.20.00<\/td><td>[7790-94-5]<\/td><td class=\"has-text-align-center\" data-align=\"center\">IV<\/td><td>\u00c1CIDO CLOROSSULF\u00d4NICO<\/td><\/tr><tr><td>2916.34.00<\/td><td>[103-82-2]<\/td><td class=\"has-text-align-center\" data-align=\"center\">I<\/td><td>\u00c1CIDO FENILAC\u00c9TICO E SEUS SAIS<\/td><\/tr><tr><td>2915.11.00<\/td><td>[64-18-6]<\/td><td class=\"has-text-align-center\" data-align=\"center\">IV<\/td><td>\u00c1CIDO F\u00d3RMICO<\/td><\/tr><tr><td>2811.19.90<\/td><td>[6303-21-5]<\/td><td class=\"has-text-align-center\" data-align=\"center\">IV<\/td><td>\u00c1CIDO HIPOFOSFOROSO<\/td><\/tr><tr><td>2811.19.90<\/td><td>[10034-85-2]<\/td><td class=\"has-text-align-center\" data-align=\"center\">IV<\/td><td>\u00c1CIDO IOD\u00cdDRICO<\/td><\/tr><tr><td>2939.63.00<\/td><td>[82-58-6]<\/td><td class=\"has-text-align-center\" data-align=\"center\">I<\/td><td>\u00c1CIDO LIS\u00c9RGICO E SEUS SAIS<\/td><\/tr><tr><td>2924.23.00<\/td><td>[89-52-1]<\/td><td class=\"has-text-align-center\" data-align=\"center\">I<\/td><td>ACIDO N-ACETILANTRANILICO E SEUS SAIS<\/td><\/tr><tr><td>2807.00.10<\/td><td>[7664-93-9]<\/td><td class=\"has-text-align-center\" data-align=\"center\">IV<\/td><td>\u00c1CIDO SULF\u00daRICO<\/td><\/tr><tr><td>2807.00.20<\/td><td>[8014-95-7]<\/td><td class=\"has-text-align-center\" data-align=\"center\">IV<\/td><td>\u00c1CIDO SULF\u00daRICO FUMEGANTE<\/td><\/tr><tr><td>&#8211;<\/td><td>&#8211;<\/td><td class=\"has-text-align-center\" data-align=\"center\">&#8211;<\/td><td>ALFA-FENILACETOACETONITRILO<\/td><\/tr><tr><td>&#8211;<\/td><td>&#8211;<\/td><td class=\"has-text-align-center\" data-align=\"center\">&#8211;<\/td><td>ALFA-FENILACETOACETAMIDA<\/td><\/tr><tr><td>2933.39.99<\/td><td>[58-15-1]<\/td><td class=\"has-text-align-center\" data-align=\"center\">III<\/td><td>AMINOPIRINA E SEUS SAIS<\/td><\/tr><tr><td>2915.24.00<\/td><td>[108-24-7]<\/td><td class=\"has-text-align-center\" data-align=\"center\">VI<\/td><td>AN\u00cdDRIDO AC\u00c9TICO<\/td><\/tr><tr><td>2922.43.00<\/td><td>[118-92-3]<\/td><td class=\"has-text-align-center\" data-align=\"center\">I<\/td><td>ANIDRIDO ANTRAN\u00cdLICO (\u00c1CIDO O-AMINO BENZ\u00d3ICO)<\/td><\/tr><tr><td>2915.90.90<\/td><td>[123-62-6]<\/td><td class=\"has-text-align-center\" data-align=\"center\">I<\/td><td>AN\u00cdDRIDO PROPI\u00d4NICO (ANIDRIDO PROPAN\u00d3ICO)<\/td><\/tr><tr><td>2922.49.90<\/td><td>[94-09-7]<\/td><td class=\"has-text-align-center\" data-align=\"center\">III<\/td><td>BENZOCAINA E SEUS SAIS<\/td><\/tr><tr><td>2836.40.00<\/td><td>[298-14-6]<\/td><td class=\"has-text-align-center\" data-align=\"center\">V<\/td><td>BICARBONATO DE POT\u00c1SSIO<\/td><\/tr><tr><td>2850.00.90<\/td><td>[16940-66-2]<\/td><td class=\"has-text-align-center\" data-align=\"center\">VI<\/td><td>BOROHIDRETO DE S\u00d3DIO<\/td><\/tr><tr><td>2903.69.21<\/td><td>[108-86-1]<\/td><td class=\"has-text-align-center\" data-align=\"center\">VI<\/td><td>BROMOBENZENO<\/td><\/tr><tr><td>2921.19.39<\/td><td>[109-73-9]<\/td><td class=\"has-text-align-center\" data-align=\"center\">VI<\/td><td>BUTILAMINA E SEUS SAIS<\/td><\/tr><tr><td>2939.30.10<\/td><td>[58-08-2]<\/td><td class=\"has-text-align-center\" data-align=\"center\">III<\/td><td>CAFE\u00cdNA<\/td><\/tr><tr><td>2837.20.10<\/td><td>[25895-60-7]<\/td><td class=\"has-text-align-center\" data-align=\"center\">VI<\/td><td>CIANOBORIDRETO DE S\u00d3DIO<\/td><\/tr><tr><td>2827.10.00<\/td><td>[12125-02-09]<\/td><td class=\"has-text-align-center\" data-align=\"center\">VI<\/td><td>CLORETO DE AM\u00d4NIO<\/td><\/tr><tr><td>2903.11.20<\/td><td>[75-00-3]<\/td><td class=\"has-text-align-center\" data-align=\"center\">II<\/td><td>CLORETO DE ETILA (CLOROETANO)<\/td><\/tr><tr><td>2903.12.00<\/td><td>[75-09-2]<\/td><td class=\"has-text-align-center\" data-align=\"center\">II<\/td><td>CLORETO DE METILENO (DICLOROMETANO)<\/td><\/tr><tr><td>2827.39.99<\/td><td>[74-87-94-7]<\/td><td class=\"has-text-align-center\" data-align=\"center\">VI<\/td><td>CLORETO MERC\u00daRIO (II)<\/td><\/tr><tr><td>2903.13.00<\/td><td>[67-66-3]<\/td><td class=\"has-text-align-center\" data-align=\"center\">II<\/td><td>CLOROF\u00d3RMIO<\/td><\/tr><tr><td>2841.50.12<\/td><td>[7789-00-6]<\/td><td class=\"has-text-align-center\" data-align=\"center\">VI<\/td><td>CROMATO DE POT\u00c1SSIO<\/td><\/tr><tr><td>28.415.014<\/td><td>[7778-50-9]<\/td><td class=\"has-text-align-center\" data-align=\"center\">VI<\/td><td>DICROMATO DE POT\u00c1SSIO<\/td><\/tr><tr><td>2841.30.00<\/td><td>[7789-12-0]<\/td><td class=\"has-text-align-center\" data-align=\"center\">VI<\/td><td>DICROMATO DE S\u00d3DIO<\/td><\/tr><tr><td>2921.12.10<\/td><td>[109-89-7]<\/td><td class=\"has-text-align-center\" data-align=\"center\">VI<\/td><td>DIETILAMINA E SEUS SAIS<\/td><\/tr><tr><td>2934.99.49<\/td><td>[43399-41-07]<\/td><td class=\"has-text-align-center\" data-align=\"center\">III<\/td><td>DILTIAZEM<\/td><\/tr><tr><td>2933.11.11<\/td><td>[68-89-3]<\/td><td class=\"has-text-align-center\" data-align=\"center\">III<\/td><td>DIPIRONA<\/td><\/tr><tr><td>2939.41.00<\/td><td>[299-42-3]<\/td><td class=\"has-text-align-center\" data-align=\"center\">I<\/td><td>EFEDRINA E SEUS SAIS<\/td><\/tr><tr><td>2939.61.00<\/td><td>[60-79-7]<\/td><td class=\"has-text-align-center\" data-align=\"center\">I<\/td><td>ERGOMETRINA E SEUS SAIS<\/td><\/tr><tr><td>2939.62.00<\/td><td>[113-15-5]<\/td><td class=\"has-text-align-center\" data-align=\"center\">I<\/td><td>ERGOTAMINA E SEUS SAIS<\/td><\/tr><tr><td>2939.49.00<\/td><td>[7681-79-0]<\/td><td class=\"has-text-align-center\" data-align=\"center\">I<\/td><td>ETAEFEDRINA E SEUS SAIS<\/td><\/tr><tr><td>2909.11.00<\/td><td>[60-29-7]<\/td><td class=\"has-text-align-center\" data-align=\"center\">II<\/td><td>\u00c9TER ET\u00cdLICO (ETER DIETILICO)<\/td><\/tr><tr><td>2921.19.11<\/td><td>[75-04-7]<\/td><td class=\"has-text-align-center\" data-align=\"center\">VI<\/td><td>ETILAMINA (MONOETILAMINA) E SEUS SAIS<\/td><\/tr><tr><td>2924.29.19<\/td><td>[62-44-2]<\/td><td class=\"has-text-align-center\" data-align=\"center\">III<\/td><td>FENACETINA<\/td><\/tr><tr><td>2922.19.99<\/td><td>[7568-93-6]<\/td><td class=\"has-text-align-center\" data-align=\"center\">VI<\/td><td>FENILETANOLAMINA E SEUS SAIS<\/td><\/tr><tr><td>2924.19.29<\/td><td>[75-12-7]<\/td><td class=\"has-text-align-center\" data-align=\"center\">VI<\/td><td>FORMAMIDA<\/td><\/tr><tr><td>2915.12.90<\/td><td>[540-69-2]<\/td><td class=\"has-text-align-center\" data-align=\"center\">V<\/td><td>FORMIATO DE AM\u00d4NIO<\/td><\/tr><tr><td>2804.70.20<\/td><td>[7723-14-0]<\/td><td class=\"has-text-align-center\" data-align=\"center\">VI<\/td><td>F\u00d3SFORO VERMELHO<\/td><\/tr><tr><td>2932.29.90<\/td><td>96-48-0<\/td><td class=\"has-text-align-center\" data-align=\"center\">I<\/td><td>GAMA-BUTIROLACTONA (GBL)<\/td><\/tr><tr><td>2850.00.90<\/td><td>[16853-85-3]<\/td><td class=\"has-text-align-center\" data-align=\"center\">VI<\/td><td>HIDRETO DE L\u00cdTIO E ALUM\u00cdNIO<\/td><\/tr><tr><td>2814.20.00<\/td><td>[1336-21-6]<\/td><td class=\"has-text-align-center\" data-align=\"center\">V<\/td><td>HIDR\u00d3XIDO DE AM\u00d4NIO (AM\u00d4N\u00cdACO em solu\u00e7\u00e3o aquosa)<\/td><\/tr><tr><td>2825.10.20<\/td><td>[7803-49-8]<\/td><td class=\"has-text-align-center\" data-align=\"center\">VI<\/td><td>HIDROXILAMINA E SEUS SAIS<\/td><\/tr><tr><td>2933.59.19<\/td><td>[68-88-2]<\/td><td class=\"has-text-align-center\" data-align=\"center\">III<\/td><td>HIDROXIZINA<\/td><\/tr><tr><td>2932.91.00<\/td><td>[120-58-1]<\/td><td class=\"has-text-align-center\" data-align=\"center\">I<\/td><td>ISOSAFROL<\/td><\/tr><tr><td>29.349.953<\/td><td>[14769-73-4]<\/td><td class=\"has-text-align-center\" data-align=\"center\">III<\/td><td>LEVAMISOL<\/td><\/tr><tr><td>2924.29.14<\/td><td>[137-58-8]<\/td><td class=\"has-text-align-center\" data-align=\"center\">III<\/td><td>LIDOCA\u00cdNA E SEUS SAIS<\/td><\/tr><tr><td>2905.43.00<\/td><td>[69-65-8]<\/td><td class=\"has-text-align-center\" data-align=\"center\">III<\/td><td>MANITOL<\/td><\/tr><tr><td><\/td><td><\/td><td class=\"has-text-align-center\" data-align=\"center\">I<\/td><td>METIL ALFA-FENILACETOACETATO<\/td><\/tr><tr><td>2921.11.11<\/td><td>[74-89-5]<\/td><td class=\"has-text-align-center\" data-align=\"center\">VI<\/td><td>METILAMINA (MONOMETILAMINA) E SEUS SAIS<\/td><\/tr><tr><td>2939.69.19<\/td><td>[113-42-8]<\/td><td class=\"has-text-align-center\" data-align=\"center\">I<\/td><td>METILERGOMETRINA (SAIS)<\/td><\/tr><tr><td>2939.69.11<\/td><td>[113-42-8]<\/td><td class=\"has-text-align-center\" data-align=\"center\">I<\/td><td>METILERGOMETRINA E SEUS SAIS<\/td><\/tr><tr><td>2914.12.00<\/td><td>[78-93-3]<\/td><td class=\"has-text-align-center\" data-align=\"center\">II<\/td><td>METILETILCETONA (BUTANONA)<\/td><\/tr><tr><td>ND<\/td><td>ND<\/td><td class=\"has-text-align-center\" data-align=\"center\">I<\/td><td>N-FENETIL-4-PIPERIDINONA (NPP)<\/td><\/tr><tr><td>2904.20.70<\/td><td>[79-24-3]<\/td><td class=\"has-text-align-center\" data-align=\"center\">VI<\/td><td>NITROETANO (MONONITROETANO)<\/td><\/tr><tr><td>2939.49.00<\/td><td>[552-79-4]<\/td><td class=\"has-text-align-center\" data-align=\"center\">I<\/td><td>N-METILEFEDRINA E SEUS SAIS<\/td><\/tr><tr><td>2924.19.21<\/td><td>[123-39-7]<\/td><td class=\"has-text-align-center\" data-align=\"center\">VI<\/td><td>N-METILFORMAMIDA<\/td><\/tr><tr><td>2939.49.00<\/td><td>[90-82-4]<\/td><td class=\"has-text-align-center\" data-align=\"center\">I<\/td><td>N-METILPSEUDOEFEDRINA E SEUS SAIS<\/td><\/tr><tr><td>3301.29.90<\/td><td>ND<\/td><td class=\"has-text-align-center\" data-align=\"center\">I<\/td><td>\u00d3LEO DE SASSAFR\u00c1S (\u00f3leos essenciais similares contendo safrol)<\/td><\/tr><tr><td>29.242.913<\/td><td>[69-65-8]<\/td><td class=\"has-text-align-center\" data-align=\"center\">III<\/td><td>PARACETAMOL<\/td><\/tr><tr><td>2812.10.12<\/td><td>[10026-13-8]<\/td><td class=\"has-text-align-center\" data-align=\"center\">VI<\/td><td>PENTACLORETO DE F\u00d3SFORO<\/td><\/tr><tr><td>2841.61.00<\/td><td>[7722-64-7]<\/td><td class=\"has-text-align-center\" data-align=\"center\">VI<\/td><td>PERMANGANATO DE POT\u00c1SSIO<\/td><\/tr><tr><td>2933.32.00<\/td><td>[110-89-4]<\/td><td class=\"has-text-align-center\" data-align=\"center\">I<\/td><td>PIPERIDINA E SEUS SAIS<\/td><\/tr><tr><td>2932.93.00<\/td><td>[120-57-0]<\/td><td class=\"has-text-align-center\" data-align=\"center\">I<\/td><td>PIPERONAL<\/td><\/tr><tr><td>2922.49.90<\/td><td>[91484-72-9]<\/td><td class=\"has-text-align-center\" data-align=\"center\">III<\/td><td>PROCA\u00cdNA E SEUS SAIS<\/td><\/tr><tr><td>2939.42.00<\/td><td>[90-82-4]<\/td><td class=\"has-text-align-center\" data-align=\"center\">I<\/td><td>PSEUDOEFEDRINA E SEUS SAIS<\/td><\/tr><tr><td>2932.94.00<\/td><td>[94-59-7]<\/td><td class=\"has-text-align-center\" data-align=\"center\">I<\/td><td>SAFROL<\/td><\/tr><tr><td>2939.59.10<\/td><td>[58-55-9]<\/td><td class=\"has-text-align-center\" data-align=\"center\">III<\/td><td>TEOFILINA<\/td><\/tr><tr><td>2922.49.90<\/td><td>[94-24-6]<\/td><td class=\"has-text-align-center\" data-align=\"center\">III<\/td><td>TETRACAINA<\/td><\/tr><tr><td>2934.99.52<\/td><td>[5036-02-02]<\/td><td class=\"has-text-align-center\" data-align=\"center\">III<\/td><td>TETRAMISOL<\/td><\/tr><tr><td>2902.30.00<\/td><td>[108-88-3]<\/td><td class=\"has-text-align-center\" data-align=\"center\">II<\/td><td>TOLUENO (TOLUOL)<\/td><\/tr><\/tbody><\/table><\/figure>\n\n\n\n<figure class=\"wp-block-table\"><table class=\"has-fixed-layout\"><tbody><tr><td rowspan=\"2\">LISTA I<\/td><td colspan=\"3\" rowspan=\"2\">Produtos qu\u00edmicos, precursores de drogas, sujeitos a controle e fiscaliza\u00e7\u00e3o a partir de 1 (um) grama ou 1 (um) mililitro, em concentra\u00e7\u00e3o igual ou superior a 1%.<\/td><\/tr><\/tbody><\/table><\/figure>\n\n\n\n<figure class=\"wp-block-table\"><table class=\"has-fixed-layout\"><tbody><tr><td rowspan=\"2\">LISTA II<\/td><td colspan=\"3\" rowspan=\"2\">Solventes, capazes de serem empregados na prepara\u00e7\u00e3o de drogas, sujeitos a controle e fiscaliza\u00e7\u00e3o a partir de 1 (um) grama ou 1 (um) mililitro.<\/td><\/tr><\/tbody><\/table><\/figure>\n\n\n\n<figure class=\"wp-block-table\"><table class=\"has-fixed-layout\"><tbody><tr><td rowspan=\"2\">LISTA III<\/td><td colspan=\"3\" rowspan=\"2\">F\u00e1rmacos, adulterantes e diluentes capazes de serem empregados na prepara\u00e7\u00e3o de drogas, SUJEITOS A controle e fiscaliza\u00e7\u00e3o a partir de 1 (um) grama ou 1 (um) mililitro, em concentra\u00e7\u00e3o igual ou superior a 1%.<\/td><\/tr><\/tbody><\/table><\/figure>\n\n\n\n<figure class=\"wp-block-table\"><table class=\"has-fixed-layout\"><tbody><tr><td rowspan=\"2\">LISTA IV<\/td><td colspan=\"3\" rowspan=\"2\">\u00c1cidos capazes de serem empregados na prepara\u00e7\u00e3o de drogas, sujeitos a controle e fiscaliza\u00e7\u00e3o a partir de 1 (um) grama ou 1 (um) mililitro, em concentra\u00e7\u00e3o igual ou superior a 1%.<\/td><\/tr><\/tbody><\/table><\/figure>\n\n\n\n<figure class=\"wp-block-table\"><table class=\"has-fixed-layout\"><tbody><tr><td rowspan=\"2\">LISTA V<\/td><td colspan=\"3\" rowspan=\"2\">Bases capazes de serem empregadas na prepara\u00e7\u00e3o de drogas, sujeitas a controle e fiscaliza\u00e7\u00e3o a partir de 1 (um) grama ou 1 (um) mililitro, em concentra\u00e7\u00e3o igual ou superior a 1%.<\/td><\/tr><\/tbody><\/table><\/figure>\n\n\n\n<figure class=\"wp-block-table\"><table class=\"has-fixed-layout\"><tbody><tr><td rowspan=\"2\">LISTA VI<\/td><td colspan=\"3\" rowspan=\"2\">Reagentes capazes de serem empregados na prepara\u00e7\u00e3o de drogas, sujeitos a controle e fiscaliza\u00e7\u00e3o a partir de 1 (um) grama ou 1 (um) mililitro, em concentra\u00e7\u00e3o igual ou superior a 1%.<\/td><\/tr><\/tbody><\/table><\/figure>\n\n\n\n<p><\/p>\n","protected":false},"excerpt":{"rendered":"<p>Produtos controlados pela Pol\u00edcia Federal NCM CAS LISTA(PORT. 240) PRODUTO 2903.15.00 [107-06-2] II 1,2-DICLOROETANO ND ND I 1-FENETIL-N-FENILPIPERIDIN-4-AMINA (ANPP) 2914.31.00 [103-79-7] I 1-FENIL-2-PROPANONA (FENILACETONA) (PURO OU MISTURADO) 2932.92.00 [4676-39-5] I 3,4-METILENODIOXIFENIL-2-PROPANONA(PURO OU MISTURADO) &#8211; &#8211; I 3,4-MDP-2-P METIL GLICIDATO &#8211; &#8211; I 3,4-MDP-2-P METIL \u00c1CIDO GLIC\u00cdDICO 2915.31.00 [141-78-6] II ACETATO DE ETILA 2914.11.00 [67-64-1] II [&hellip;]<\/p>\n","protected":false},"author":3,"featured_media":0,"parent":5,"menu_order":0,"comment_status":"closed","ping_status":"closed","template":"","meta":{"footnotes":""},"class_list":["post-544","page","type-page","status-publish","hentry"],"_links":{"self":[{"href":"https:\/\/controlados.uenf.br\/index.php\/wp-json\/wp\/v2\/pages\/544","targetHints":{"allow":["GET"]}}],"collection":[{"href":"https:\/\/controlados.uenf.br\/index.php\/wp-json\/wp\/v2\/pages"}],"about":[{"href":"https:\/\/controlados.uenf.br\/index.php\/wp-json\/wp\/v2\/types\/page"}],"author":[{"embeddable":true,"href":"https:\/\/controlados.uenf.br\/index.php\/wp-json\/wp\/v2\/users\/3"}],"replies":[{"embeddable":true,"href":"https:\/\/controlados.uenf.br\/index.php\/wp-json\/wp\/v2\/comments?post=544"}],"version-history":[{"count":11,"href":"https:\/\/controlados.uenf.br\/index.php\/wp-json\/wp\/v2\/pages\/544\/revisions"}],"predecessor-version":[{"id":604,"href":"https:\/\/controlados.uenf.br\/index.php\/wp-json\/wp\/v2\/pages\/544\/revisions\/604"}],"up":[{"embeddable":true,"href":"https:\/\/controlados.uenf.br\/index.php\/wp-json\/wp\/v2\/pages\/5"}],"wp:attachment":[{"href":"https:\/\/controlados.uenf.br\/index.php\/wp-json\/wp\/v2\/media?parent=544"}],"curies":[{"name":"wp","href":"https:\/\/api.w.org\/{rel}","templated":true}]}}