{"id":588,"date":"2025-09-25T18:25:42","date_gmt":"2025-09-25T21:25:42","guid":{"rendered":"https:\/\/controlados.uenf.br\/?page_id=588"},"modified":"2026-03-13T15:37:04","modified_gmt":"2026-03-13T18:37:04","slug":"quais-produtos-quimicos-podem-ser-adquiridos-pela-uenf-e-como-proceder-para-solicitar-autorizacao-para-compra","status":"publish","type":"page","link":"https:\/\/controlados.uenf.br\/index.php\/pagina-inicial\/quais-produtos-quimicos-podem-ser-adquiridos-pela-uenf-e-como-proceder-para-solicitar-autorizacao-para-compra\/","title":{"rendered":"Quais produtos qu\u00edmicos podem ser adquiridos em nome da UENF e como proceder para solicitar a autoriza\u00e7\u00e3o para compra?"},"content":{"rendered":"\n<p><\/p>\n\n\n\n<h2 class=\"wp-block-heading alignwide has-text-align-center has-luminous-vivid-amber-background-color has-background\" id=\"we-re-a-studio-in-berlin-with-an-international-practice-in-architecture-urban-planning-and-interior-design-we-believe-in-sharing-knowledge-and-promoting-dialogue-to-increase-the-creative-potential-of-collaboration\" style=\"font-size:48px;line-height:1.1\"><strong>ATEN\u00c7\u00c3O<\/strong><\/h2>\n\n\n\n<p>A <strong>aquisi\u00e7\u00e3o<\/strong> e o <em>fornecimento<\/em> de Produtos Controlados pela Pol\u00edcia Federal e pelo Ex\u00e9rcito Brasileiro em nome da UENF <strong>sem a respectiva autoriza\u00e7\u00e3o institucional<\/strong> \u00e9 uma falta grave podendo causar as seguintes consequ\u00eancias:<\/p>\n\n\n\n<p><strong>Venda pela empresa sem nossa autoriza\u00e7\u00e3o:<\/strong>   perda de seus registros de fornecimento junto a Pol\u00edcia Federal e ao Ex\u00e9rcito Brasileiro de fornecimento.<\/p>\n\n\n\n<p><strong>Aquisi\u00e7\u00e3o por parte de servidor da UENF sem a autoriza\u00e7\u00e3o institucional: <\/strong> abertura de Processo de Sindic\u00e2ncia para apura\u00e7\u00e3o de responsabilidade.<\/p>\n\n\n\n<p><strong>N\u00e3o aceite fornecimento de produtos controlados por parte de empresas que n\u00e3o exijam a autoriza\u00e7\u00e3o institucional de compra.  N\u00e3o adquira produtos sem a respectiva autoriza\u00e7\u00e3o e dentro do prazo de validade<\/strong> <strong>da mesma.<\/strong><\/p>\n\n\n\n<p class=\"has-black-color has-vivid-red-background-color has-text-color has-background has-link-color wp-elements-14ec0952b79ba191cf55544f25659043\"><strong>PRODUTOS CONTROLADOS PELA POL\u00cdCIA FEDERAL &#8211; CLF v\u00e1lido at\u00e9 31\/08\/2026<\/strong><\/p>\n\n\n\n<p>A UENF possu\u00ed o Certificado de Licen\u00e7a de Funcionamento (CLF) que permite a aquisi\u00e7\u00e3o e utiliza\u00e7\u00e3o dos produtos controlados pela Pol\u00edcia Federal relacionados no arquivo abaixo.  Os itens destacados em vermelho n\u00e3o podem ser adquiridos.  Caso algum pesquisador precise fazer aquisi\u00e7\u00e3o de algum destes itens deve entrar em contato com o Setor de Produtos Controlados para que sejam iniciados os procedimentos que viabilizem a aquisi\u00e7\u00e3o futura.<\/p>\n\n\n\n<p class=\"has-black-color has-text-color has-link-color wp-elements-a1e9591c3f83a01142cea15fe4dfac6e\"><strong>COMO SOLICITAR:<\/strong> Para solicitar a para autoriza\u00e7\u00e3o aquisi\u00e7\u00e3o de produtos controlados pela Policia Federal em nome da UENF o servidor interessado dever\u00e1 encaminhar a solIcita\u00e7\u00e3o de acordo com estas <strong><a href=\"https:\/\/controlados.uenf.br\/wp-content\/uploads\/2026\/03\/Instrucoes-e-modelo-solicitacao-de-Produtos-Controlados-pela-Policia-Federal-2026.pdf\" target=\"_blank\" rel=\"noreferrer noopener\">INSTRU\u00c7\u00d5ES<\/a><\/strong><\/p>\n\n\n\n<div data-wp-interactive=\"core\/file\" class=\"wp-block-file\"><object data-wp-bind--hidden=\"!state.hasPdfPreview\" hidden class=\"wp-block-file__embed\" data=\"https:\/\/controlados.uenf.br\/wp-content\/uploads\/2025\/09\/Relacao_de_produtos_controlados_autorizados-pela_PF___2025_2026.pdf\" type=\"application\/pdf\" style=\"width:100%;height:600px\" aria-label=\"Incorporado de Relacao_de_produtos_controlados_autorizados pela_PF___2025_2026.\"><\/object><a id=\"wp-block-file--media-228bb4ed-da02-440d-9260-5de7e410d77e\" href=\"https:\/\/controlados.uenf.br\/wp-content\/uploads\/2025\/09\/Relacao_de_produtos_controlados_autorizados-pela_PF___2025_2026.pdf\">Relacao_de_produtos_controlados_autorizados pela_PF___2025_2026<\/a><a href=\"https:\/\/controlados.uenf.br\/wp-content\/uploads\/2025\/09\/Relacao_de_produtos_controlados_autorizados-pela_PF___2025_2026.pdf\" class=\"wp-block-file__button wp-element-button\" download aria-describedby=\"wp-block-file--media-228bb4ed-da02-440d-9260-5de7e410d77e\">Baixar<\/a><\/div>\n\n\n\n<p class=\"has-black-color has-vivid-green-cyan-background-color has-text-color has-background has-link-color wp-elements-5434080fbbb1a4a87fa0b2cb0528d660\"><strong>PRODUTOS CONTROLADOS PELO POL\u00cdCIA EX\u00c9RCITO BRASILEIRO &#8211; CR v\u00e1lido at\u00e9 07\/06\/2026<\/strong><\/p>\n\n\n\n<p>A UENF possu\u00ed o Certificado de Registro (CR) que permite a aquisi\u00e7\u00e3o e utiliza\u00e7\u00e3o dos produtos controlados pelo Ex\u00e9rcito Brasileiro relacionados no arquivo abaixo. Os itens destacados em vermelho n\u00e3o podem ser adquiridos.  Caso algum pesquisador precise fazer aquisi\u00e7\u00e3o de algum destes itens deve entrar em contato com o Setor de Produtos Controlados para que sejam iniciados os procedimentos que viabilizem a aquisi\u00e7\u00e3o futura.<\/p>\n\n\n\n<p class=\"has-black-color has-text-color has-link-color wp-elements-f88a6c5d25674bc3cd68c3d9892924e1\"><strong>COMO SOLICITAR:<\/strong> Para solicitar a autoriza\u00e7\u00e3o para aquisi\u00e7\u00e3o de produtos controlados pelo Ex\u00e9rcito Brasileiro em nome da UENF o servidor interessado dever\u00e1 encaminhar a solIcita\u00e7\u00e3o de acordo com estas <a href=\"https:\/\/controlados.uenf.br\/wp-content\/uploads\/2026\/03\/Instrucoes-e-modelo-solicitacao-de-Produtos-Controlados-pelo-Exercito-2026.pdf\" target=\"_blank\" rel=\"noreferrer noopener\"><strong>INSTRU\u00c7\u00d5ES<\/strong><\/a><\/p>\n\n\n\n<div data-wp-interactive=\"core\/file\" class=\"wp-block-file\"><object data-wp-bind--hidden=\"!state.hasPdfPreview\" hidden class=\"wp-block-file__embed\" data=\"https:\/\/controlados.uenf.br\/wp-content\/uploads\/2025\/09\/Relacao_de_Produtos_Controlados_autorizados-pelo-Exercito_2025_2026.pdf\" type=\"application\/pdf\" style=\"width:100%;height:600px\" aria-label=\"Incorporado de Relacao_de_Produtos_Controlados_autorizados pelo Exercito_2025_2026.\"><\/object><a id=\"wp-block-file--media-97d2e59c-e9a8-4461-ac39-efd2665c0667\" href=\"https:\/\/controlados.uenf.br\/wp-content\/uploads\/2025\/09\/Relacao_de_Produtos_Controlados_autorizados-pelo-Exercito_2025_2026.pdf\">Relacao_de_Produtos_Controlados_autorizados pelo Exercito_2025_2026<\/a><a href=\"https:\/\/controlados.uenf.br\/wp-content\/uploads\/2025\/09\/Relacao_de_Produtos_Controlados_autorizados-pelo-Exercito_2025_2026.pdf\" class=\"wp-block-file__button wp-element-button\" download aria-describedby=\"wp-block-file--media-97d2e59c-e9a8-4461-ac39-efd2665c0667\">Baixar<\/a><\/div>\n\n\n\n<p><\/p>\n","protected":false},"excerpt":{"rendered":"<p>ATEN\u00c7\u00c3O A aquisi\u00e7\u00e3o e o fornecimento de Produtos Controlados pela Pol\u00edcia Federal e pelo Ex\u00e9rcito Brasileiro em nome da UENF sem a respectiva autoriza\u00e7\u00e3o institucional \u00e9 uma falta grave podendo causar as seguintes consequ\u00eancias: Venda pela empresa sem nossa autoriza\u00e7\u00e3o: perda de seus registros de fornecimento junto a Pol\u00edcia Federal e ao Ex\u00e9rcito Brasileiro de [&hellip;]<\/p>\n","protected":false},"author":3,"featured_media":0,"parent":5,"menu_order":0,"comment_status":"closed","ping_status":"closed","template":"","meta":{"footnotes":""},"class_list":["post-588","page","type-page","status-publish","hentry"],"_links":{"self":[{"href":"https:\/\/controlados.uenf.br\/index.php\/wp-json\/wp\/v2\/pages\/588","targetHints":{"allow":["GET"]}}],"collection":[{"href":"https:\/\/controlados.uenf.br\/index.php\/wp-json\/wp\/v2\/pages"}],"about":[{"href":"https:\/\/controlados.uenf.br\/index.php\/wp-json\/wp\/v2\/types\/page"}],"author":[{"embeddable":true,"href":"https:\/\/controlados.uenf.br\/index.php\/wp-json\/wp\/v2\/users\/3"}],"replies":[{"embeddable":true,"href":"https:\/\/controlados.uenf.br\/index.php\/wp-json\/wp\/v2\/comments?post=588"}],"version-history":[{"count":12,"href":"https:\/\/controlados.uenf.br\/index.php\/wp-json\/wp\/v2\/pages\/588\/revisions"}],"predecessor-version":[{"id":661,"href":"https:\/\/controlados.uenf.br\/index.php\/wp-json\/wp\/v2\/pages\/588\/revisions\/661"}],"up":[{"embeddable":true,"href":"https:\/\/controlados.uenf.br\/index.php\/wp-json\/wp\/v2\/pages\/5"}],"wp:attachment":[{"href":"https:\/\/controlados.uenf.br\/index.php\/wp-json\/wp\/v2\/media?parent=588"}],"curies":[{"name":"wp","href":"https:\/\/api.w.org\/{rel}","templated":true}]}}