{"id":72,"date":"2022-08-21T14:45:25","date_gmt":"2022-08-21T14:45:25","guid":{"rendered":"https:\/\/controlados.uenf.br\/index.php\/contact\/"},"modified":"2022-08-26T16:30:59","modified_gmt":"2022-08-26T19:30:59","slug":"contact","status":"publish","type":"page","link":"https:\/\/controlados.uenf.br\/index.php\/contact\/","title":{"rendered":"Contato"},"content":{"rendered":"<h1>Em caso de perguntas, d\u00favidas, sugest\u00f5es e solicita\u00e7\u00f5es entre em contato:<\/h1>\n<h2>produtoscontrolados@uenf.br<\/h2>\n<figure class=\"gallery-item\"><\/figure>\n","protected":false},"excerpt":{"rendered":"<p>Em caso de perguntas, d\u00favidas, sugest\u00f5es e solicita\u00e7\u00f5es entre em contato: produtoscontrolados@uenf.br<\/p>\n","protected":false},"author":1,"featured_media":0,"parent":0,"menu_order":0,"comment_status":"closed","ping_status":"closed","template":"","meta":{"footnotes":""},"class_list":["post-72","page","type-page","status-publish","hentry"],"_links":{"self":[{"href":"https:\/\/controlados.uenf.br\/index.php\/wp-json\/wp\/v2\/pages\/72","targetHints":{"allow":["GET"]}}],"collection":[{"href":"https:\/\/controlados.uenf.br\/index.php\/wp-json\/wp\/v2\/pages"}],"about":[{"href":"https:\/\/controlados.uenf.br\/index.php\/wp-json\/wp\/v2\/types\/page"}],"author":[{"embeddable":true,"href":"https:\/\/controlados.uenf.br\/index.php\/wp-json\/wp\/v2\/users\/1"}],"replies":[{"embeddable":true,"href":"https:\/\/controlados.uenf.br\/index.php\/wp-json\/wp\/v2\/comments?post=72"}],"version-history":[{"count":5,"href":"https:\/\/controlados.uenf.br\/index.php\/wp-json\/wp\/v2\/pages\/72\/revisions"}],"predecessor-version":[{"id":377,"href":"https:\/\/controlados.uenf.br\/index.php\/wp-json\/wp\/v2\/pages\/72\/revisions\/377"}],"wp:attachment":[{"href":"https:\/\/controlados.uenf.br\/index.php\/wp-json\/wp\/v2\/media?parent=72"}],"curies":[{"name":"wp","href":"https:\/\/api.w.org\/{rel}","templated":true}]}}